{"id":10071,"date":"2021-08-25T07:26:28","date_gmt":"2021-08-25T07:26:28","guid":{"rendered":"https:\/\/zonaville.com\/a-propos-de-nous\/"},"modified":"2025-11-30T22:12:05","modified_gmt":"2025-11-30T22:12:05","slug":"a-propos-de-nous","status":"publish","type":"page","link":"https:\/\/zonaville.com\/fr\/a-propos-de-nous\/","title":{"rendered":"\u00c0 propos de nous"},"content":{"rendered":"<div class=\"wpb-content-wrapper\"><p>[vc_row full_width=\u00a0\u00bbstretch_row_content_no_spaces\u00a0\u00bb equal_height=\u00a0\u00bbyes\u00a0\u00bb content_placement=\u00a0\u00bbmiddle\u00a0\u00bb css=\u00a0\u00bb.vc_custom_1627895954385{margin-bottom: 95px !important;padding-top: 0px !important;padding-bottom: 0px !important;background-color: #141414 !important;}\u00a0\u00bb woodmart_css_id=\u00a0\u00bb6107b88e07686&Prime; responsive_spacing=\u00a0\u00bbeyJwYXJhbV90eXBlIjoid29vZG1hcnRfcmVzcG9uc2l2ZV9zcGFjaW5nIiwic2VsZWN0b3JfaWQiOiI2MTA3Yjg4ZTA3Njg2Iiwic2hvcnRjb2RlIjoidmNfcm93IiwiZGF0YSI6eyJ0YWJsZXQiOnsibWFyZ2luLWJvdHRvbSI6IjcwIn0sIm1vYmlsZSI6eyJtYXJnaW4tYm90dG9tIjoiNDAifX19&Prime; mobile_bg_img_hidden=\u00a0\u00bbno\u00a0\u00bb tablet_bg_img_hidden=\u00a0\u00bbno\u00a0\u00bb woodmart_parallax=\u00a0\u00bb0&Prime; woodmart_gradient_switch=\u00a0\u00bbno\u00a0\u00bb row_reverse_mobile=\u00a0\u00bb0&Prime; row_reverse_tablet=\u00a0\u00bb0&Prime; woodmart_disable_overflow=\u00a0\u00bb0&Prime;][vc_column css=\u00a0\u00bb.vc_custom_1496236506556{padding-top: 0px !important;background-position: center !important;background-repeat: no-repeat !important;background-size: cover !important;}\u00a0\u00bb offset=\u00a0\u00bbvc_col-md-6 vc_col-xs-12&Prime;]\t\t\t<link rel=\"stylesheet\" id=\"wd-photoswipe-css\" href=\"https:\/\/zonaville.com\/wp-content\/themes\/woodmart\/css\/parts\/lib-photoswipe.min.css?ver=7.5.2\" type=\"text\/css\" media=\"all\" \/> \t\t\t\t\t\t<link rel=\"stylesheet\" id=\"wd-image-gallery-css\" href=\"https:\/\/zonaville.com\/wp-content\/themes\/woodmart\/css\/parts\/el-gallery.min.css?ver=7.5.2\" type=\"text\/css\" media=\"all\" \/> \t\t\t\t\t<div id=\"gallery_497\" class=\"wd-images-gallery wd-wpb vc_custom_1627892874617 photoswipe-images\" style=\"--wd-justify-content:center;--wd-align-items:center;\">\n\t\t\t\n\t\t\t<div class=\" wd-grid-f-col wd-masonry\" style=\"--wd-col-lg:2;--wd-col-md:2;--wd-col-sm:1;--wd-gap-lg:0px;\">\n\t\t\t\t\n\t\t\t\t\t\t\t\t\t\t\t\t\t\t\t<div class=\"wd-gallery-item wd-col\">\n\t\t\t\t\t\t\t\t\t\t\t\t\t\t<a href=\"\" data-elementor-open-lightbox=\"no\" data-index=\"1\" data-width=\"\" data-height=\"\" \n\t\t\t\t\t\t\t\t\t\t\t\t >\n\t\t\t\t\t\t\t\t\n\t\t\t\t\t\t\t\t\n\t\t\t\t\t\t\t\t\t\t\t\t\t\t\t<\/a>\n\t\t\t\t\t\t\t\t\t\t\t\t<\/div>\n\t\t\t\t\t\t\t\t\t\t\t<div class=\"wd-gallery-item wd-col\">\n\t\t\t\t\t\t\t\t\t\t\t\t\t\t<a href=\"\" data-elementor-open-lightbox=\"no\" data-index=\"2\" data-width=\"\" data-height=\"\" \n\t\t\t\t\t\t\t\t\t\t\t\t >\n\t\t\t\t\t\t\t\t\n\t\t\t\t\t\t\t\t\n\t\t\t\t\t\t\t\t\t\t\t\t\t\t\t<\/a>\n\t\t\t\t\t\t\t\t\t\t\t\t<\/div>\n\t\t\t\t\t\t\t\t\t\t\t<div class=\"wd-gallery-item wd-col\">\n\t\t\t\t\t\t\t\t\t\t\t\t\t\t<a href=\"\" data-elementor-open-lightbox=\"no\" data-index=\"3\" data-width=\"\" data-height=\"\" \n\t\t\t\t\t\t\t\t\t\t\t\t >\n\t\t\t\t\t\t\t\t\n\t\t\t\t\t\t\t\t\n\t\t\t\t\t\t\t\t\t\t\t\t\t\t\t<\/a>\n\t\t\t\t\t\t\t\t\t\t\t\t<\/div>\n\t\t\t\t\t\t\t\t\t\n\t\t\t\t\t\t\t<\/div>\n\n\t\t\t\t\t<\/div>\n\t\t[\/vc_column][vc_column css=\u00a0\u00bb.vc_custom_1637326260576{padding-top: 60px !important;padding-right: 65px !important;padding-bottom: 55px !important;padding-left: 65px !important;background-position: 0 0 !important;background-repeat: no-repeat !important;}\u00a0\u00bb offset=\u00a0\u00bbvc_col-md-6 vc_col-xs-12&Prime; woodmart_css_id=\u00a0\u00bb61979daea3d63&Prime; responsive_spacing=\u00a0\u00bbeyJwYXJhbV90eXBlIjoid29vZG1hcnRfcmVzcG9uc2l2ZV9zcGFjaW5nIiwic2VsZWN0b3JfaWQiOiI2MTk3OWRhZWEzZDYzIiwic2hvcnRjb2RlIjoidmNfY29sdW1uIiwiZGF0YSI6eyJ0YWJsZXQiOnsicGFkZGluZy10b3AiOiI1MHB4IiwicGFkZGluZy1yaWdodCI6IjU1cHgiLCJwYWRkaW5nLWJvdHRvbSI6IjQ1cHgiLCJwYWRkaW5nLWxlZnQiOiI1NXB4In0sIm1vYmlsZSI6e319fQ==\u00a0\u00bb parallax_scroll=\u00a0\u00bbno\u00a0\u00bb mobile_bg_img_hidden=\u00a0\u00bbno\u00a0\u00bb tablet_bg_img_hidden=\u00a0\u00bbno\u00a0\u00bb woodmart_parallax=\u00a0\u00bb0&Prime; woodmart_sticky_column=\u00a0\u00bbfalse\u00a0\u00bb mobile_reset_margin=\u00a0\u00bbno\u00a0\u00bb tablet_reset_margin=\u00a0\u00bbyes\u00a0\u00bb wd_collapsible_content_switcher=\u00a0\u00bbno\u00a0\u00bb woodmart_box_shadow=\u00a0\u00bbno\u00a0\u00bb wd_z_index=\u00a0\u00bbno\u00a0\u00bb]\t\t\t<link rel=\"stylesheet\" id=\"wd-section-title-css\" href=\"https:\/\/zonaville.com\/wp-content\/themes\/woodmart\/css\/parts\/el-section-title.min.css?ver=7.5.2\" type=\"text\/css\" media=\"all\" \/> \t\t\t\t\t\t<link rel=\"stylesheet\" id=\"wd-mod-highlighted-text-css\" href=\"https:\/\/zonaville.com\/wp-content\/themes\/woodmart\/css\/parts\/mod-highlighted-text.min.css?ver=7.5.2\" type=\"text\/css\" media=\"all\" \/> \t\t\t\n\t\t<div id=\"wd-692a400eec569\" class=\"title-wrapper wd-wpb set-mb-s reset-last-child  wd-rs-692a400eec569 wd-title-color-default wd-title-style-default text-left vc_custom_1764376599671 wd-underline-colored\">\n\t\t\t\n\t\t\t<div class=\"liner-continer\">\n\t\t\t\t<h4 class=\"woodmart-title-container title  wd-font-weight- wd-fontsize-xxxl\" >Appartements meubl\u00e9s Zonaville Cameroun<\/h4>\n\t\t\t\t\t\t\t<\/div>\n\t\t\t\n\t\t\t\n\t\t\t\n\t\t<\/div>\n\t\t\n\t\t[vc_separator color=\u00a0\u00bbcustom\u00a0\u00bb align=\u00a0\u00bbalign_left\u00a0\u00bb border_width=\u00a0\u00bb2&Prime; el_width=\u00a0\u00bb10&Prime; css=\u00a0\u00bb.vc_custom_1627894055569{margin-bottom: 25px !important;}\u00a0\u00bb accent_color=\u00a0\u00bb#339059&Prime;][vc_column_text css=\u00a0\u00bb\u00a0\u00bb woodmart_inline=\u00a0\u00bbno\u00a0\u00bb text_larger=\u00a0\u00bbno\u00a0\u00bb]Bienvenue dans notre appartement d&rsquo;h\u00f4tes au c\u0153ur du quartier dynamique de Nsimeyong \u00e0 Yaound\u00e9, o\u00f9 le confort moderne rencontre une hospitalit\u00e9 r\u00e9fl\u00e9chie. \u00c9tabli avec la vision d&rsquo;offrir un espace accueillant et s\u00e9curis\u00e9 pour les voyageurs, notre appartement d&rsquo;h\u00f4tes est con\u00e7u pour \u00eatre votre parfait chez-vous loin de chez vous. Que vous soyez en visite pour affaires, loisirs ou en famille, nous offrons un environnement spacieux, \u00e9l\u00e9gant et s\u00e9curis\u00e9 \u00e9quip\u00e9 de tous les \u00e9l\u00e9ments essentiels pour rendre votre s\u00e9jour m\u00e9morable.[\/vc_column_text][vc_row_inner css=\u00a0\u00bb.vc_custom_1627894175507{margin-bottom: 10px !important;}\u00a0\u00bb woodmart_css_id=\u00a0\u00bb6107b19d9863a\u00a0\u00bb responsive_spacing=\u00a0\u00bbeyJwYXJhbV90eXBlIjoid29vZG1hcnRfcmVzcG9uc2l2ZV9zcGFjaW5nIiwic2VsZWN0b3JfaWQiOiI2MTA3YjE5ZDk4NjNhIiwic2hvcnRjb2RlIjoidmNfcm93X2lubmVyIiwiZGF0YSI6eyJ0YWJsZXQiOnt9LCJtb2JpbGUiOnt9fX0=\u00a0\u00bb row_reverse_mobile=\u00a0\u00bb0&Prime; row_reverse_tablet=\u00a0\u00bb0&Prime;][vc_column_inner css=\u00a0\u00bb.vc_custom_1637326118163{padding-right: 30px !important;}\u00a0\u00bb offset=\u00a0\u00bbvc_col-lg-6 vc_col-xs-12&Prime; woodmart_css_id=\u00a0\u00bb61979d13d6e83&Prime; responsive_spacing=\u00a0\u00bbeyJwYXJhbV90eXBlIjoid29vZG1hcnRfcmVzcG9uc2l2ZV9zcGFjaW5nIiwic2VsZWN0b3JfaWQiOiI2MTk3OWQxM2Q2ZTgzIiwic2hvcnRjb2RlIjoidmNfY29sdW1uX2lubmVyIiwiZGF0YSI6eyJ0YWJsZXQiOnt9LCJtb2JpbGUiOnsicGFkZGluZy1yaWdodCI6IjAifX19&Prime; parallax_scroll=\u00a0\u00bbno\u00a0\u00bb woodmart_sticky_column=\u00a0\u00bbfalse\u00a0\u00bb wd_collapsible_content_switcher=\u00a0\u00bbno\u00a0\u00bb mobile_bg_img_hidden=\u00a0\u00bbno\u00a0\u00bb tablet_bg_img_hidden=\u00a0\u00bbno\u00a0\u00bb woodmart_parallax=\u00a0\u00bb0&Prime; woodmart_box_shadow=\u00a0\u00bbno\u00a0\u00bb wd_z_index=\u00a0\u00bbno\u00a0\u00bb]\t\t\t<link rel=\"stylesheet\" id=\"wd-text-block-css\" href=\"https:\/\/zonaville.com\/wp-content\/themes\/woodmart\/css\/parts\/el-text-block.min.css?ver=7.5.2\" type=\"text\/css\" media=\"all\" \/> \t\t\t\t\t<div id=\"wd-691f023950642\" class=\"wd-text-block wd-wpb reset-last-child wd-rs-691f023950642 text-left color-scheme-light wd-font-weight-500 color-title wd-fontsize-s font-primary vc_custom_1763639886467\">\n\t\t\t<p>Notre mission<\/p>\n\t\t<\/div>\n\t\t\t\t<div id=\"wd-691f01ab7dce5\" class=\"wd-text-block wd-wpb reset-last-child wd-rs-691f01ab7dce5 text-left color-scheme-light vc_custom_1763639798845\">\n\t\t\t<p>Notre mission est de cr\u00e9er une exp\u00e9rience fluide et flexible adapt\u00e9e \u00e0 vos besoins. Nous comprenons que les plans de voyage peuvent changer, c&rsquo;est pourquoi nous proposons des options de r\u00e9servation adaptables qui vous permettent de prolonger votre s\u00e9jour ou d&rsquo;ajuster votre planning sans difficult\u00e9. Du Wi-Fi haut d\u00e9bit gratuit au parking s\u00e9curis\u00e9 sur place, en passant par les produits de toilette de luxe et les \u00e9quipements adapt\u00e9s aux familles, chaque d\u00e9tail est soigneusement pens\u00e9 pour assurer votre confort et votre commodit\u00e9.<\/p>\n\t\t<\/div>\n\t\t\t\t<div id=\"wd-691f0329f05c9\" class=\"wd-text-block wd-wpb reset-last-child wd-rs-691f0329f05c9 text-left color-scheme-light wd-font-weight-500 color-title wd-fontsize-s font-primary vc_custom_1763640110427\">\n\t\t\t<p>S\u00e9curit\u00e9<\/p>\n\t\t<\/div>\n\t\t\t\t<div id=\"wd-691f020267340\" class=\"wd-text-block wd-wpb reset-last-child wd-rs-691f020267340 text-left color-scheme-light vc_custom_1763639812514\">\n\t\t\t<p>La s\u00e9curit\u00e9 est une pierre angulaire de notre service. L&rsquo;appartement est situ\u00e9 dans un complexe s\u00e9curis\u00e9 o\u00f9 vous pouvez vous d\u00e9tendre sans inqui\u00e9tude, profitant de la tranquillit\u00e9 d&rsquo;esprit tout en b\u00e9n\u00e9ficiant du confort moderne. Les familles appr\u00e9cient nos attentions particuli\u00e8res con\u00e7ues sp\u00e9cialement pour les enfants, faisant de nous un choix id\u00e9al pour les clients de tous \u00e2ges.<\/p>\n\t\t<\/div>\n\t\t[\/vc_column_inner][vc_column_inner width=\u00a0\u00bb1\/2&Prime; css=\u00a0\u00bb.vc_custom_1637326125811{padding-right: 30px !important;}\u00a0\u00bb offset=\u00a0\u00bbvc_hidden-md vc_hidden-sm vc_hidden-xs\u00a0\u00bb woodmart_css_id=\u00a0\u00bb61979d29db8ae\u00a0\u00bb responsive_spacing=\u00a0\u00bbeyJwYXJhbV90eXBlIjoid29vZG1hcnRfcmVzcG9uc2l2ZV9zcGFjaW5nIiwic2VsZWN0b3JfaWQiOiI2MTk3OWQyOWRiOGFlIiwic2hvcnRjb2RlIjoidmNfY29sdW1uX2lubmVyIiwiZGF0YSI6eyJ0YWJsZXQiOnt9LCJtb2JpbGUiOnsicGFkZGluZy1yaWdodCI6IjAifX19&Prime; parallax_scroll=\u00a0\u00bbno\u00a0\u00bb woodmart_sticky_column=\u00a0\u00bbfalse\u00a0\u00bb wd_collapsible_content_switcher=\u00a0\u00bbno\u00a0\u00bb mobile_bg_img_hidden=\u00a0\u00bbno\u00a0\u00bb tablet_bg_img_hidden=\u00a0\u00bbno\u00a0\u00bb woodmart_parallax=\u00a0\u00bb0&Prime; woodmart_box_shadow=\u00a0\u00bbno\u00a0\u00bb wd_z_index=\u00a0\u00bbno\u00a0\u00bb]\t\t<div id=\"wd-691f022fc70c2\" class=\"wd-text-block wd-wpb reset-last-child wd-rs-691f022fc70c2 text-left color-scheme-light wd-font-weight-500 color-title wd-fontsize-s font-primary vc_custom_1763639858225\">\n\t\t\t<p>Accessibilit\u00e9<\/p>\n\t\t<\/div>\n\t\t\t\t<div id=\"wd-691f0221f34a7\" class=\"wd-text-block wd-wpb reset-last-child wd-rs-691f0221f34a7 text-left color-scheme-light vc_custom_1763639850787\">\n\t\t\t<p>L&rsquo;accessibilit\u00e9 est un autre \u00e9l\u00e9ment cl\u00e9 de notre promesse. Situ\u00e9 \u00e0 quelques minutes des principales attractions, des zones commerciales et de restauration de Yaound\u00e9, notre appartement d&rsquo;h\u00f4tes offre un acc\u00e8s facile \u00e0 tout ce dont vous avez besoin. Nous sommes fiers de combiner le meilleur de l&#8217;emplacement, de la s\u00e9curit\u00e9 et du confort pour offrir une exp\u00e9rience exceptionnelle \u00e0 nos clients.<\/p>\n\t\t<\/div>\n\t\t\t\t<div id=\"wd-691f036c00bd0\" class=\"wd-text-block wd-wpb reset-last-child wd-rs-691f036c00bd0 text-left color-scheme-light wd-font-weight-500 color-title wd-fontsize-s font-primary vc_custom_1763640175770\">\n\t\t\t<p>Notre passion<\/p>\n\t\t<\/div>\n\t\t\t\t<div id=\"wd-691f033e0bfd2\" class=\"wd-text-block wd-wpb reset-last-child wd-rs-691f033e0bfd2 text-left color-scheme-light vc_custom_1763640149301\">\n\t\t\t<p>Nous sommes passionn\u00e9s par l&rsquo;hospitalit\u00e9 et nous nous effor\u00e7ons continuellement de nous am\u00e9liorer, en veillant \u00e0 ce que chaque client re\u00e7oive une attention et des soins personnalis\u00e9s. Nous vous remercions de consid\u00e9rer notre appartement d&rsquo;h\u00f4tes comme votre choix d&rsquo;h\u00e9bergement \u00e0 Damas, Yaound\u00e9 &#8211; o\u00f9 votre confort, votre commodit\u00e9 et votre s\u00e9curit\u00e9 sont nos plus hautes priorit\u00e9s. Nous avons h\u00e2te de vous accueillir et de rendre votre s\u00e9jour vraiment sp\u00e9cial.<\/p>\n\t\t<\/div>\n\t\t[\/vc_column_inner][\/vc_row_inner]<div id=\"wd-691f01d8c8f5c\" class=\" wd-rs-691f01d8c8f5c  wd-button-wrapper text-center inline-element\"><a href=\"https:\/\/zonaville.com\/contact-us\/\" title=\"Nous contacter\" class=\"btn btn-color-primary btn-style-default btn-style-rectangle btn-size-default\">CONTACTEZ-NOUS<\/a><\/div>[\/vc_column][\/vc_row]<\/p>\n<\/div>","protected":false},"excerpt":{"rendered":"<p>[vc_row full_width=\u00a0\u00bbstretch_row_content_no_spaces\u00a0\u00bb equal_height=\u00a0\u00bbyes\u00a0\u00bb content_placement=\u00a0\u00bbmiddle\u00a0\u00bb css=\u00a0\u00bb.vc_custom_1627895954385{margin-bottom: 95px !important;padding-top: 0px !important;padding-bottom: 0px !important;background-color: #141414 !important;}\u00a0\u00bb woodmart_css_id=\u00a0\u00bb6107b88e07686&Prime; responsive_spacing=\u00a0\u00bbeyJwYXJhbV90eXBlIjoid29vZG1hcnRfcmVzcG9uc2l2ZV9zcGFjaW5nIiwic2VsZWN0b3JfaWQiOiI2MTA3Yjg4ZTA3Njg2Iiwic2hvcnRjb2RlIjoidmNfcm93IiwiZGF0YSI6eyJ0YWJsZXQiOnsibWFyZ2luLWJvdHRvbSI6IjcwIn0sIm1vYmlsZSI6eyJtYXJnaW4tYm90dG9tIjoiNDAifX19&Prime; mobile_bg_img_hidden=\u00a0\u00bbno\u00a0\u00bb tablet_bg_img_hidden=\u00a0\u00bbno\u00a0\u00bb woodmart_parallax=\u00a0\u00bb0&Prime; woodmart_gradient_switch=\u00a0\u00bbno\u00a0\u00bb row_reverse_mobile=\u00a0\u00bb0&Prime;<\/p>\n","protected":false},"author":1,"featured_media":0,"parent":0,"menu_order":0,"comment_status":"closed","ping_status":"closed","template":"","meta":{"footnotes":""},"class_list":["post-10071","page","type-page","status-publish","hentry"],"_links":{"self":[{"href":"https:\/\/zonaville.com\/fr\/wp-json\/wp\/v2\/pages\/10071","targetHints":{"allow":["GET"]}}],"collection":[{"href":"https:\/\/zonaville.com\/fr\/wp-json\/wp\/v2\/pages"}],"about":[{"href":"https:\/\/zonaville.com\/fr\/wp-json\/wp\/v2\/types\/page"}],"author":[{"embeddable":true,"href":"https:\/\/zonaville.com\/fr\/wp-json\/wp\/v2\/users\/1"}],"replies":[{"embeddable":true,"href":"https:\/\/zonaville.com\/fr\/wp-json\/wp\/v2\/comments?post=10071"}],"version-history":[{"count":2,"href":"https:\/\/zonaville.com\/fr\/wp-json\/wp\/v2\/pages\/10071\/revisions"}],"predecessor-version":[{"id":10073,"href":"https:\/\/zonaville.com\/fr\/wp-json\/wp\/v2\/pages\/10071\/revisions\/10073"}],"wp:attachment":[{"href":"https:\/\/zonaville.com\/fr\/wp-json\/wp\/v2\/media?parent=10071"}],"curies":[{"name":"wp","href":"https:\/\/api.w.org\/{rel}","templated":true}]}}