{"id":10054,"date":"2025-11-19T08:43:37","date_gmt":"2025-11-19T08:43:37","guid":{"rendered":"https:\/\/zonaville.com\/conditions-dutilisation-et-reglement\/"},"modified":"2025-11-30T22:11:54","modified_gmt":"2025-11-30T22:11:54","slug":"conditions-dutilisation-et-reglement","status":"publish","type":"page","link":"https:\/\/zonaville.com\/fr\/conditions-dutilisation-et-reglement\/","title":{"rendered":"Conditions d&rsquo;utilisation et r\u00e8glement"},"content":{"rendered":"<div class=\"wpb-content-wrapper\"><p>[vc_row][vc_column][vc_column_text css=\u00a0\u00bb\u00a0\u00bb woodmart_inline=\u00a0\u00bbno\u00a0\u00bb text_larger=\u00a0\u00bbno\u00a0\u00bb]<\/p>\n<p class=\"my-2 [&amp;+p]:mt-4 [&amp;_strong:has(+br)]:inline-block [&amp;_strong:has(+br)]:pb-2\">Bienvenue sur notre site web. En acc\u00e9dant \u00e0 ce site ou en l&rsquo;utilisant, vous acceptez de vous conformer aux conditions g\u00e9n\u00e9rales suivantes et d&rsquo;\u00eatre li\u00e9 par celles-ci. Veuillez les lire attentivement.<\/p>\n<ol class=\"marker:text-quiet list-decimal\">\n<li class=\"py-0 my-0 prose-p:pt-0 prose-p:mb-2 prose-p:my-0 [&amp;&gt;p]:pt-0 [&amp;&gt;p]:mb-2 [&amp;&gt;p]:my-0\">\n<p class=\"my-2 [&amp;+p]:mt-4 [&amp;_strong:has(+br)]:inline-block [&amp;_strong:has(+br)]:pb-2\">Acceptation des conditions<br \/>\nEn utilisant ce site web, vous acceptez les pr\u00e9sentes conditions d&rsquo;utilisation et notre politique de confidentialit\u00e9. Si vous n&rsquo;\u00eates pas d&rsquo;accord, veuillez ne pas utiliser le site.<\/p>\n<\/li>\n<li class=\"py-0 my-0 prose-p:pt-0 prose-p:mb-2 prose-p:my-0 [&amp;&gt;p]:pt-0 [&amp;&gt;p]:mb-2 [&amp;&gt;p]:my-0\">\n<p class=\"my-2 [&amp;+p]:mt-4 [&amp;_strong:has(+br)]:inline-block [&amp;_strong:has(+br)]:pb-2\">Utilisation du contenu<br \/>\nTout le contenu de ce site web, y compris les textes, les images, les logos et les graphiques, est la propri\u00e9t\u00e9 de notre appartement d&rsquo;h\u00f4tes ou est utilis\u00e9 avec autorisation. Vous ne pouvez pas utiliser, reproduire ou distribuer tout contenu sans consentement \u00e9crit pr\u00e9alable.<\/p>\n<\/li>\n<li class=\"py-0 my-0 prose-p:pt-0 prose-p:mb-2 prose-p:my-0 [&amp;&gt;p]:pt-0 [&amp;&gt;p]:mb-2 [&amp;&gt;p]:my-0\">\n<p class=\"my-2 [&amp;+p]:mt-4 [&amp;_strong:has(+br)]:inline-block [&amp;_strong:has(+br)]:pb-2\">R\u00e9servations et paiements<br \/>\nLes informations relatives \u00e0 la r\u00e9servation de notre appartement d&rsquo;h\u00f4tes sont fournies pour votre commodit\u00e9. Toutes les r\u00e9servations sont soumises \u00e0 confirmation. Nous nous r\u00e9servons le droit d&rsquo;annuler ou de refuser des r\u00e9servations dans certaines conditions.<\/p>\n<\/li>\n<li class=\"py-0 my-0 prose-p:pt-0 prose-p:mb-2 prose-p:my-0 [&amp;&gt;p]:pt-0 [&amp;&gt;p]:mb-2 [&amp;&gt;p]:my-0\">\n<p class=\"my-2 [&amp;+p]:mt-4 [&amp;_strong:has(+br)]:inline-block [&amp;_strong:has(+br)]:pb-2\">Conduite de l&rsquo;utilisateur<br \/>\nVous acceptez d&rsquo;utiliser ce site uniquement \u00e0 des fins l\u00e9gales et de ne vous livrer \u00e0 aucune activit\u00e9 susceptible de nuire, de perturber ou d&rsquo;avoir un impact n\u00e9gatif sur les autres utilisateurs ou sur le site web lui-m\u00eame.<\/p>\n<\/li>\n<li class=\"py-0 my-0 prose-p:pt-0 prose-p:mb-2 prose-p:my-0 [&amp;&gt;p]:pt-0 [&amp;&gt;p]:mb-2 [&amp;&gt;p]:my-0\">\n<p class=\"my-2 [&amp;+p]:mt-4 [&amp;_strong:has(+br)]:inline-block [&amp;_strong:has(+br)]:pb-2\">Confidentialit\u00e9<br \/>\nVos informations personnelles sont trait\u00e9es conform\u00e9ment \u00e0 notre politique de confidentialit\u00e9, qui r\u00e9git la collecte et l&rsquo;utilisation des donn\u00e9es.<\/p>\n<\/li>\n<li class=\"py-0 my-0 prose-p:pt-0 prose-p:mb-2 prose-p:my-0 [&amp;&gt;p]:pt-0 [&amp;&gt;p]:mb-2 [&amp;&gt;p]:my-0\">\n<p class=\"my-2 [&amp;+p]:mt-4 [&amp;_strong:has(+br)]:inline-block [&amp;_strong:has(+br)]:pb-2\">Avis de non-responsabilit\u00e9 et limitation de responsabilit\u00e9<br \/>\nLe site web est fourni \u00ab\u00a0tel quel\u00a0\u00bb sans garantie d&rsquo;exactitude ou de disponibilit\u00e9. Nous ne sommes pas responsables des dommages d\u00e9coulant de votre utilisation du site ou de votre s\u00e9jour dans notre appartement d&rsquo;h\u00f4tes.<\/p>\n<\/li>\n<li class=\"py-0 my-0 prose-p:pt-0 prose-p:mb-2 prose-p:my-0 [&amp;&gt;p]:pt-0 [&amp;&gt;p]:mb-2 [&amp;&gt;p]:my-0\">\n<p class=\"my-2 [&amp;+p]:mt-4 [&amp;_strong:has(+br)]:inline-block [&amp;_strong:has(+br)]:pb-2\">Modifications des conditions<br \/>\nNous pouvons mettre \u00e0 jour ces conditions d&rsquo;utilisation \u00e0 tout moment sans pr\u00e9avis. L&rsquo;utilisation continue du site constitue une acceptation des modifications.<\/p>\n<\/li>\n<li class=\"py-0 my-0 prose-p:pt-0 prose-p:mb-2 prose-p:my-0 [&amp;&gt;p]:pt-0 [&amp;&gt;p]:mb-2 [&amp;&gt;p]:my-0\">\n<p class=\"my-2 [&amp;+p]:mt-4 [&amp;_strong:has(+br)]:inline-block [&amp;_strong:has(+br)]:pb-2\">Droit applicable<br \/>\nCes conditions sont r\u00e9gies par les lois du Cameroun, et tout litige sera soumis \u00e0 la juridiction des tribunaux camerounais.<\/p>\n<\/li>\n<li class=\"py-0 my-0 prose-p:pt-0 prose-p:mb-2 prose-p:my-0 [&amp;&gt;p]:pt-0 [&amp;&gt;p]:mb-2 [&amp;&gt;p]:my-0\">\n<p class=\"my-2 [&amp;+p]:mt-4 [&amp;_strong:has(+br)]:inline-block [&amp;_strong:has(+br)]:pb-2\">Contact<br \/>\nPour toute question concernant ces conditions ou d&rsquo;autres pr\u00e9occupations, veuillez <a href=\"https:\/\/zonaville.com\/contact-us\/\">nous contacter<\/a> via le site web.<\/p>\n<\/li>\n<\/ol>\n<p class=\"my-2 [&amp;+p]:mt-4 [&amp;_strong:has(+br)]:inline-block [&amp;_strong:has(+br)]:pb-2\">Nous vous remercions de votre visite et d&rsquo;avoir choisi notre appartement d&rsquo;h\u00f4tes comme votre chez-vous \u00e0 Damas, Yaound\u00e9. Votre confiance et votre satisfaction sont nos priorit\u00e9s.<\/p>\n<p>[\/vc_column_text][\/vc_column][\/vc_row]<\/p>\n<\/div>","protected":false},"excerpt":{"rendered":"<p>[vc_row][vc_column][vc_column_text css=\u00a0\u00bb\u00a0\u00bb woodmart_inline=\u00a0\u00bbno\u00a0\u00bb text_larger=\u00a0\u00bbno\u00a0\u00bb] Bienvenue sur notre site web. En acc\u00e9dant \u00e0 ce site ou en l&rsquo;utilisant, vous acceptez de<\/p>\n","protected":false},"author":2,"featured_media":0,"parent":0,"menu_order":0,"comment_status":"closed","ping_status":"closed","template":"","meta":{"footnotes":""},"class_list":["post-10054","page","type-page","status-publish","hentry"],"_links":{"self":[{"href":"https:\/\/zonaville.com\/fr\/wp-json\/wp\/v2\/pages\/10054","targetHints":{"allow":["GET"]}}],"collection":[{"href":"https:\/\/zonaville.com\/fr\/wp-json\/wp\/v2\/pages"}],"about":[{"href":"https:\/\/zonaville.com\/fr\/wp-json\/wp\/v2\/types\/page"}],"author":[{"embeddable":true,"href":"https:\/\/zonaville.com\/fr\/wp-json\/wp\/v2\/users\/2"}],"replies":[{"embeddable":true,"href":"https:\/\/zonaville.com\/fr\/wp-json\/wp\/v2\/comments?post=10054"}],"version-history":[{"count":1,"href":"https:\/\/zonaville.com\/fr\/wp-json\/wp\/v2\/pages\/10054\/revisions"}],"predecessor-version":[{"id":10059,"href":"https:\/\/zonaville.com\/fr\/wp-json\/wp\/v2\/pages\/10054\/revisions\/10059"}],"wp:attachment":[{"href":"https:\/\/zonaville.com\/fr\/wp-json\/wp\/v2\/media?parent=10054"}],"curies":[{"name":"wp","href":"https:\/\/api.w.org\/{rel}","templated":true}]}}